{"id":31364,"date":"2019-02-14T14:23:48","date_gmt":"2019-02-14T19:23:48","guid":{"rendered":"https:\/\/archive.cafe.crea.ca\/about-our-blog\/"},"modified":"2022-08-17T14:20:38","modified_gmt":"2022-08-17T18:20:38","slug":"about-our-blog","status":"publish","type":"page","link":"https:\/\/archive.cafe.crea.ca\/fr\/about-our-blog\/","title":{"rendered":"\u00c0 propos du Caf\u00e9 ACI"},"content":{"rendered":"<p>Le Caf\u00e9 ACI est le blogue officiel de l\u2019Association canadienne de l\u2019immeuble (ACI). C\u2019est un endroit chaleureux o\u00f9 l\u2019ACI peut communiquer avec ses membres et amis estim\u00e9s en leur faisant part de ses id\u00e9es et perspectives tout en prenant une tasse de caf\u00e9 virtuelle. Regardons les choses en face \u2013 il y a beaucoup \u00e0 discuter! Les commentaires sont les bienvenus, mais ils seront activement suivis par un mod\u00e9rateur afin de s\u2019assurer qu\u2019ils s\u2019en tiennent au sujet et demeurent appropri\u00e9s.<\/p>\n<h1>\u00c0 propos de l\u2019ACI<\/h1>\n<p>L\u2019Association canadienne de l\u2019immeuble (ACI), l\u2019une des plus importantes associations commerciales \u00e0 vocation unique du Canada, repr\u00e9sente plus de 150 000 courtiers et agents immobiliers r\u00e9partis parmi 74 chambres et associations immobili\u00e8res \u00e0 l\u2019\u00e9chelle canadienne. Pour en savoir davantage sur l\u2019ACI.<\/p>\n","protected":false},"excerpt":{"rendered":"<p>Le Caf\u00e9 ACI est le blogue officiel de l\u2019Association canadienne de l\u2019immeuble (ACI). C\u2019est un endroit chaleureux o\u00f9 l\u2019ACI peut communiquer avec ses membres et amis estim\u00e9s en leur faisant part de ses id\u00e9es et perspectives tout en prenant une tasse de caf\u00e9 virtuelle. Regardons les choses en face \u2013 il y a beaucoup \u00e0 &hellip; <a href=\"https:\/\/archive.cafe.crea.ca\/fr\/about-our-blog\/\" class=\"more-link\">Continue reading <span class=\"screen-reader-text\">\u00c0 propos du Caf\u00e9 ACI<\/span><\/a><\/p>\n","protected":false},"author":1,"featured_media":0,"parent":0,"menu_order":0,"comment_status":"closed","ping_status":"closed","template":"","meta":{"footnotes":""},"coauthors":[2141],"class_list":["post-31364","page","type-page","status-publish","hentry"],"aioseo_notices":[],"_links":{"self":[{"href":"https:\/\/archive.cafe.crea.ca\/fr\/wp-json\/wp\/v2\/pages\/31364"}],"collection":[{"href":"https:\/\/archive.cafe.crea.ca\/fr\/wp-json\/wp\/v2\/pages"}],"about":[{"href":"https:\/\/archive.cafe.crea.ca\/fr\/wp-json\/wp\/v2\/types\/page"}],"author":[{"embeddable":true,"href":"https:\/\/archive.cafe.crea.ca\/fr\/wp-json\/wp\/v2\/users\/1"}],"replies":[{"embeddable":true,"href":"https:\/\/archive.cafe.crea.ca\/fr\/wp-json\/wp\/v2\/comments?post=31364"}],"version-history":[{"count":3,"href":"https:\/\/archive.cafe.crea.ca\/fr\/wp-json\/wp\/v2\/pages\/31364\/revisions"}],"predecessor-version":[{"id":40701,"href":"https:\/\/archive.cafe.crea.ca\/fr\/wp-json\/wp\/v2\/pages\/31364\/revisions\/40701"}],"wp:attachment":[{"href":"https:\/\/archive.cafe.crea.ca\/fr\/wp-json\/wp\/v2\/media?parent=31364"}],"wp:term":[{"taxonomy":"author","embeddable":true,"href":"https:\/\/archive.cafe.crea.ca\/fr\/wp-json\/wp\/v2\/coauthors?post=31364"}],"curies":[{"name":"wp","href":"https:\/\/api.w.org\/{rel}","templated":true}]}}