{"id":31362,"date":"2019-02-25T08:55:54","date_gmt":"2019-02-25T13:55:54","guid":{"rendered":"https:\/\/archive.cafe.crea.ca\/realtors-corner\/"},"modified":"2019-02-25T19:26:14","modified_gmt":"2019-02-26T00:26:14","slug":"realtors-corner","status":"publish","type":"page","link":"https:\/\/archive.cafe.crea.ca\/fr\/realtors-corner\/","title":{"rendered":"Le Coin des courtiers et agents immobiliers"},"content":{"rendered":"<p>Des r\u00e9alit\u00e9s quotidiennes, aux le\u00e7ons apprises et \u00e0 l\u2019exp\u00e9rience acquise, nos membres ont beaucoup \u00e0 partager \u2013 c\u2019est pourquoi nous sommes heureux d\u2019ajouter le \u00ab\u00a0Coin des courtiers et agents immobiliers\u00a0\u00bb au menu du Caf\u00e9 ACI. Gr\u00e2ce \u00e0 son contenu soumis par des courtiers et agents, et pour eux, il est l\u2019occasion de partager leur savoir-faire et de se prononcer sur d\u2019importantes questions concernant les membres du secteur structur\u00e9 de l\u2019immobilier au Canada.<\/p>\n<p>La s\u00e9rie en vedette au Coin des courtiers et agents immobiliers est ouverte \u00e0 tous les membres de l\u2019ACI au Canada qui sont pr\u00eats \u00e0 fournir des articles stimulants et pertinents \u00e0 nos membres. Notre\u00a0politique\u00a0donne tous les d\u00e9tails et explique la fa\u00e7on de soumettre un article et le processus de s\u00e9lection.<\/p>\n<p>Veuillez garder \u00e0 l\u2019esprit que les articles devraient\u00a0:<\/p>\n<ul>\n<li>se concentrer sur un sujet pr\u00e9cis;<\/li>\n<li>expliquer clairement en quoi l\u2019article est pertinent pour les courtiers et agents immobiliers du Canada;<\/li>\n<li>ne pas d\u00e9passer 500 mots.<\/li>\n<\/ul>\n<p>Pour soumettre un article au Coin des courtiers et agents immobiliers, envoyez une copie de votre article \u00e0\u00a0<a href=\"mailto:REALTORSCorner@crea.ca\">LeCoin@crea.ca<\/a>.<\/p>\n","protected":false},"excerpt":{"rendered":"<p>Des r\u00e9alit\u00e9s quotidiennes, aux le\u00e7ons apprises et \u00e0 l\u2019exp\u00e9rience acquise, nos membres ont beaucoup \u00e0 partager \u2013 c\u2019est pourquoi nous sommes heureux d\u2019ajouter le \u00ab\u00a0Coin des courtiers et agents immobiliers\u00a0\u00bb au menu du Caf\u00e9 ACI. Gr\u00e2ce \u00e0 son contenu soumis par des courtiers et agents, et pour eux, il est l\u2019occasion de partager leur savoir-faire &hellip; <a href=\"https:\/\/archive.cafe.crea.ca\/fr\/realtors-corner\/\" class=\"more-link\">Continue reading <span class=\"screen-reader-text\">Le Coin des courtiers et agents immobiliers<\/span><\/a><\/p>\n","protected":false},"author":1,"featured_media":0,"parent":0,"menu_order":0,"comment_status":"closed","ping_status":"closed","template":"","meta":{"footnotes":""},"coauthors":[],"class_list":["post-31362","page","type-page","status-publish","hentry"],"aioseo_notices":[],"_links":{"self":[{"href":"https:\/\/archive.cafe.crea.ca\/fr\/wp-json\/wp\/v2\/pages\/31362"}],"collection":[{"href":"https:\/\/archive.cafe.crea.ca\/fr\/wp-json\/wp\/v2\/pages"}],"about":[{"href":"https:\/\/archive.cafe.crea.ca\/fr\/wp-json\/wp\/v2\/types\/page"}],"author":[{"embeddable":true,"href":"https:\/\/archive.cafe.crea.ca\/fr\/wp-json\/wp\/v2\/users\/1"}],"replies":[{"embeddable":true,"href":"https:\/\/archive.cafe.crea.ca\/fr\/wp-json\/wp\/v2\/comments?post=31362"}],"version-history":[{"count":0,"href":"https:\/\/archive.cafe.crea.ca\/fr\/wp-json\/wp\/v2\/pages\/31362\/revisions"}],"wp:attachment":[{"href":"https:\/\/archive.cafe.crea.ca\/fr\/wp-json\/wp\/v2\/media?parent=31362"}],"wp:term":[{"taxonomy":"author","embeddable":true,"href":"https:\/\/archive.cafe.crea.ca\/fr\/wp-json\/wp\/v2\/coauthors?post=31362"}],"curies":[{"name":"wp","href":"https:\/\/api.w.org\/{rel}","templated":true}]}}